{"id":327,"date":"2024-12-07T07:01:05","date_gmt":"2024-12-07T07:01:05","guid":{"rendered":"https:\/\/savingbill.com\/?page_id=327"},"modified":"2025-08-12T02:55:06","modified_gmt":"2025-08-12T02:55:06","slug":"cookie-richtlinie","status":"publish","type":"page","link":"https:\/\/savingbill.com\/de\/cookie-richtlinie\/","title":{"rendered":"Cookie-Richtlinie"},"content":{"rendered":"<h1 data-pm-slice=\"1 1 []\">Cookie-Richtlinie<\/h1>\n<p>Diese Cookie-Richtlinie erl\u00e4utert, wie Saving Bill Cookies und \u00e4hnliche Technologien verwendet, um Ihr Erlebnis auf https:\/\/savingbill.com zu verbessern. Indem Sie die Website weiterhin nutzen, stimmen Sie unserer Verwendung von Cookies gem\u00e4\u00df dieser Richtlinie zu.<\/p>\n<div>\n<hr \/>\n<\/div>\n<h2>1. Was sind Cookies?<\/h2>\n<p>Cookies sind kleine Textdateien, die beim Besuch einer Website auf Ihrem Ger\u00e4t (Computer, Smartphone oder anderen Ger\u00e4ten) abgelegt werden. Sie tragen dazu bei, die Funktionalit\u00e4t und Leistung der Website zu verbessern und ein personalisierteres Benutzererlebnis zu bieten.<\/p>\n<div>\n<hr \/>\n<\/div>\n<h2>2. Arten der von uns verwendeten Cookies<\/h2>\n<p>Wir verwenden die folgenden Arten von Cookies auf Saving Bill:<\/p>\n<h3>a. Unverzichtbare Cookies<\/h3>\n<p>Diese Cookies sind notwendig, damit die Website ordnungsgem\u00e4\u00df funktioniert. Sie erm\u00f6glichen Kernfunktionen wie die Navigation und den Zugriff auf sichere Bereiche der Website. Ohne diese Cookies k\u00f6nnen bestimmte Dienste nicht bereitgestellt werden.<\/p>\n<h3>b. Leistungs-Cookies<\/h3>\n<p>Diese Cookies erfassen Informationen dar\u00fcber, wie Nutzer mit der Website interagieren, z. B. welche Seiten am h\u00e4ufigsten besucht werden. Dies hilft uns, die Website zu optimieren und ihre Leistung zu verbessern.<\/p>\n<h3>c. Funktionale Cookies<\/h3>\n<p>Diese Cookies erm\u00f6glichen es der Website, Ihre Pr\u00e4ferenzen, wie z. B. Spracheinstellungen oder gespeicherte Coupons, zu speichern, um ein besseres Nutzererlebnis zu bieten.<\/p>\n<h3>d. Werbe-Cookies<\/h3>\n<p>Werbe-Cookies werden verwendet, um Nutzern relevante Werbung anzuzeigen und die Effektivit\u00e4t von Werbekampagnen zu messen. Diese Cookies k\u00f6nnen Informationen \u00fcber Ihr Surfverhalten erfassen.<\/p>\n<div>\n<hr \/>\n<\/div>\n<h2>3. Cookies von Drittanbietern<\/h2>\n<p>Saving Bill kann Cookies von Drittanbietern wie Analyseanbietern oder Werbepartnern enthalten. Diese Cookies unterliegen den Datenschutzrichtlinien der jeweiligen Drittanbieter. Beispiele:<\/p>\n<ul>\n<li>Google Analytics<\/li>\n<li>Social-Media-Plattformen<\/li>\n<li>Affiliate-Marketingpartner<\/li>\n<\/ul>\n<div>\n<hr \/>\n<\/div>\n<h2>4. Cookies verwalten<\/h2>\n<p>Sie k\u00f6nnen Cookies wie folgt steuern und verwalten:<\/p>\n<h3>a. Browsereinstellungen<\/h3>\n<p>Die meisten Browser erm\u00f6glichen die Verwaltung von Cookie-Einstellungen. Sie k\u00f6nnen Cookies blockieren oder l\u00f6schen. Beachten Sie jedoch, dass dies die Funktionalit\u00e4t der Website beeintr\u00e4chtigen kann.<\/p>\n<h3>b. Opt-out-Optionen<\/h3>\n<p>F\u00fcr bestimmte Cookies k\u00f6nnen Sie die Verwendung von Tools von Drittanbietern, wie z. B. Google Analytics Opt-out, deaktivieren.<\/p>\n<div>\n<hr \/>\n<\/div>\n<h2>5. Aktualisierungen dieser Cookie-Richtlinie<\/h2>\n<p>Wir k\u00f6nnen diese Cookie-Richtlinie von Zeit zu Zeit aktualisieren, um \u00c4nderungen unserer Praktiken oder geltenden Gesetze zu ber\u00fccksichtigen. Alle Aktualisierungen werden auf dieser Seite mit dem Datum der letzten Aktualisierung ver\u00f6ffentlicht.<\/p>\n<div>\n<hr \/>\n<\/div>\n<h2><\/h2>\n","protected":false},"excerpt":{"rendered":"<p>Cookie-Richtlinie Diese Cookie-Richtlinie erl\u00e4utert, wie Saving Bill Cookies und \u00e4hnliche Technologien verwendet, um Ihr Erlebnis auf https:\/\/savingbill.com zu verbessern. Indem Sie die Website weiterhin nutzen, stimmen Sie unserer Verwendung von Cookies gem\u00e4\u00df dieser Richtlinie zu. 1. Was sind Cookies? Cookies sind kleine Textdateien, die beim Besuch einer Website auf Ihrem Ger\u00e4t (Computer, Smartphone oder anderen [&hellip;]<\/p>\n","protected":false},"author":2,"featured_media":0,"parent":0,"menu_order":5,"comment_status":"closed","ping_status":"closed","template":"","meta":{"_acf_changed":false,"footnotes":""},"class_list":["post-327","page","type-page","status-publish","hentry"],"acf":[],"_links":{"self":[{"href":"https:\/\/savingbill.com\/de\/wp-json\/wp\/v2\/pages\/327","targetHints":{"allow":["GET"]}}],"collection":[{"href":"https:\/\/savingbill.com\/de\/wp-json\/wp\/v2\/pages"}],"about":[{"href":"https:\/\/savingbill.com\/de\/wp-json\/wp\/v2\/types\/page"}],"author":[{"embeddable":true,"href":"https:\/\/savingbill.com\/de\/wp-json\/wp\/v2\/users\/2"}],"replies":[{"embeddable":true,"href":"https:\/\/savingbill.com\/de\/wp-json\/wp\/v2\/comments?post=327"}],"version-history":[{"count":3,"href":"https:\/\/savingbill.com\/de\/wp-json\/wp\/v2\/pages\/327\/revisions"}],"predecessor-version":[{"id":45161,"href":"https:\/\/savingbill.com\/de\/wp-json\/wp\/v2\/pages\/327\/revisions\/45161"}],"wp:attachment":[{"href":"https:\/\/savingbill.com\/de\/wp-json\/wp\/v2\/media?parent=327"}],"curies":[{"name":"wp","href":"https:\/\/api.w.org\/{rel}","templated":true}]}}